{"id":18356,"date":"2025-10-11T19:29:09","date_gmt":"2025-10-11T19:29:09","guid":{"rendered":"https:\/\/jaguarutilidades.com.br\/produto\/balde-max-12l\/"},"modified":"2025-10-17T00:21:11","modified_gmt":"2025-10-17T00:21:11","slug":"balde-max-12l","status":"publish","type":"product","link":"https:\/\/jaguarutilidades.com.br\/en\/product\/balde-max-12l\/","title":{"rendered":"MAX 12L PAIL"},"content":{"rendered":"<p>Bucket max 12l from the Buckets range is an essential product in the household. Made from high quality, resistant plastic, it offers practicality and durability in everyday use. Ideal for those looking for household utilities, resistant plastic, organization, practicality, with a functional design and modern finish. Perfect for residential, commercial or professional use.<\/p>","protected":false},"excerpt":{"rendered":"<p>Balde max 12l \u2013 produto em pl\u00e1stico resistente, ideal para quem busca praticidade e qualidade. Perfeito para organiza\u00e7\u00e3o e uso di\u00e1rio.<\/p>","protected":false},"featured_media":17321,"comment_status":"open","ping_status":"closed","template":"","meta":[],"product_brand":[],"product_cat":[322],"product_tag":[],"class_list":{"0":"post-18356","1":"product","2":"type-product","3":"status-publish","4":"has-post-thumbnail","6":"product_cat-limpeza-e-lavanderia","8":"first","9":"instock","10":"shipping-taxable","11":"product-type-simple"},"_links":{"self":[{"href":"https:\/\/jaguarutilidades.com.br\/en\/wp-json\/wp\/v2\/product\/18356","targetHints":{"allow":["GET"]}}],"collection":[{"href":"https:\/\/jaguarutilidades.com.br\/en\/wp-json\/wp\/v2\/product"}],"about":[{"href":"https:\/\/jaguarutilidades.com.br\/en\/wp-json\/wp\/v2\/types\/product"}],"replies":[{"embeddable":true,"href":"https:\/\/jaguarutilidades.com.br\/en\/wp-json\/wp\/v2\/comments?post=18356"}],"wp:featuredmedia":[{"embeddable":true,"href":"https:\/\/jaguarutilidades.com.br\/en\/wp-json\/wp\/v2\/media\/17321"}],"wp:attachment":[{"href":"https:\/\/jaguarutilidades.com.br\/en\/wp-json\/wp\/v2\/media?parent=18356"}],"wp:term":[{"taxonomy":"product_brand","embeddable":true,"href":"https:\/\/jaguarutilidades.com.br\/en\/wp-json\/wp\/v2\/product_brand?post=18356"},{"taxonomy":"product_cat","embeddable":true,"href":"https:\/\/jaguarutilidades.com.br\/en\/wp-json\/wp\/v2\/product_cat?post=18356"},{"taxonomy":"product_tag","embeddable":true,"href":"https:\/\/jaguarutilidades.com.br\/en\/wp-json\/wp\/v2\/product_tag?post=18356"}],"curies":[{"name":"wp","href":"https:\/\/api.w.org\/{rel}","templated":true}]}}