{"id":18392,"date":"2025-10-11T19:29:20","date_gmt":"2025-10-11T19:29:20","guid":{"rendered":"https:\/\/jaguarutilidades.com.br\/produto\/lixeira-c-pedal-15l-eco\/"},"modified":"2025-10-17T00:21:17","modified_gmt":"2025-10-17T00:21:17","slug":"lixeira-c-pedal-15l-eco","status":"publish","type":"product","link":"https:\/\/jaguarutilidades.com.br\/en\/product\/lixeira-c-pedal-15l-eco\/","title":{"rendered":"WASTE GARBAGE CAN WITH PEDAL 15L ECO"},"content":{"rendered":"<p>The 15l eco pedal waste garbage can from the Waste Bins range is an essential household utility product. Made from high quality resistant plastic, it offers practicality and durability in daily use. Ideal for those looking for household utilities, resistant plastic, organization, practicality, with a functional design and modern finish. Perfect for residential, commercial or professional use.<\/p>","protected":false},"excerpt":{"rendered":"<p>Lixeira c\/ pedal 15l eco \u2013 produto em pl\u00e1stico resistente, ideal para quem busca praticidade e qualidade. Perfeito para organiza\u00e7\u00e3o e uso di\u00e1rio.<\/p>","protected":false},"featured_media":17405,"comment_status":"open","ping_status":"closed","template":"","meta":[],"product_brand":[],"product_cat":[322],"product_tag":[],"class_list":{"0":"post-18392","1":"product","2":"type-product","3":"status-publish","4":"has-post-thumbnail","6":"product_cat-limpeza-e-lavanderia","8":"first","9":"instock","10":"shipping-taxable","11":"product-type-simple"},"_links":{"self":[{"href":"https:\/\/jaguarutilidades.com.br\/en\/wp-json\/wp\/v2\/product\/18392","targetHints":{"allow":["GET"]}}],"collection":[{"href":"https:\/\/jaguarutilidades.com.br\/en\/wp-json\/wp\/v2\/product"}],"about":[{"href":"https:\/\/jaguarutilidades.com.br\/en\/wp-json\/wp\/v2\/types\/product"}],"replies":[{"embeddable":true,"href":"https:\/\/jaguarutilidades.com.br\/en\/wp-json\/wp\/v2\/comments?post=18392"}],"wp:featuredmedia":[{"embeddable":true,"href":"https:\/\/jaguarutilidades.com.br\/en\/wp-json\/wp\/v2\/media\/17405"}],"wp:attachment":[{"href":"https:\/\/jaguarutilidades.com.br\/en\/wp-json\/wp\/v2\/media?parent=18392"}],"wp:term":[{"taxonomy":"product_brand","embeddable":true,"href":"https:\/\/jaguarutilidades.com.br\/en\/wp-json\/wp\/v2\/product_brand?post=18392"},{"taxonomy":"product_cat","embeddable":true,"href":"https:\/\/jaguarutilidades.com.br\/en\/wp-json\/wp\/v2\/product_cat?post=18392"},{"taxonomy":"product_tag","embeddable":true,"href":"https:\/\/jaguarutilidades.com.br\/en\/wp-json\/wp\/v2\/product_tag?post=18392"}],"curies":[{"name":"wp","href":"https:\/\/api.w.org\/{rel}","templated":true}]}}