{"id":19540,"date":"2026-02-02T11:14:22","date_gmt":"2026-02-02T11:14:22","guid":{"rendered":"https:\/\/jaguarutilidades.com.br\/?post_type=product&#038;p=19540"},"modified":"2026-02-02T11:14:22","modified_gmt":"2026-02-02T11:14:22","slug":"vaso-com-prato-acoplado-660-ml","status":"publish","type":"product","link":"https:\/\/jaguarutilidades.com.br\/en\/product\/vaso-com-prato-acoplado-660-ml\/","title":{"rendered":"VASO COM PRATO ACOPLADO 660 mL"},"content":{"rendered":"<p>O Vaso de Planta FLORA DECOR 660 mL une design contempor\u00e2neo, praticidade e seguran\u00e7a para valorizar plantas de pequeno porte, como violetas. Produzido em pl\u00e1stico resistente de alta qualidade, conta com prato acoplado com sistema antidengue , oferecendo mais prote\u00e7\u00e3o e facilidade no dia a di a. Com textura grafiato e acabamento moderno, \u00e9 ideal para ambientes internos e externos, combinando decora\u00e7\u00e3o, funcionalidade e durabilidade<\/p>","protected":false},"excerpt":{"rendered":"<p>O Vaso de Planta FLORA DECOR 660 mL une design contempor\u00e2neo, praticidade e seguran\u00e7a para valorizar plantas de pequeno porte, como violetas. Produzido em pl\u00e1stico resistente de alta qualidade, conta com prato acoplado com sistema antidengue , oferecendo mais prote\u00e7\u00e3o e facilidade no dia a di a. Com textura grafiato e acabamento moderno, \u00e9 ideal [&hellip;]<\/p>\n","protected":false},"featured_media":19541,"comment_status":"open","ping_status":"closed","template":"","meta":[],"product_brand":[362],"product_cat":[361],"product_tag":[],"class_list":{"0":"post-19540","1":"product","2":"type-product","3":"status-publish","4":"has-post-thumbnail","6":"product_brand-flora-decor","7":"product_cat-jardinagem","9":"first","10":"instock","11":"shipping-taxable","12":"product-type-simple"},"_links":{"self":[{"href":"https:\/\/jaguarutilidades.com.br\/en\/wp-json\/wp\/v2\/product\/19540","targetHints":{"allow":["GET"]}}],"collection":[{"href":"https:\/\/jaguarutilidades.com.br\/en\/wp-json\/wp\/v2\/product"}],"about":[{"href":"https:\/\/jaguarutilidades.com.br\/en\/wp-json\/wp\/v2\/types\/product"}],"replies":[{"embeddable":true,"href":"https:\/\/jaguarutilidades.com.br\/en\/wp-json\/wp\/v2\/comments?post=19540"}],"wp:featuredmedia":[{"embeddable":true,"href":"https:\/\/jaguarutilidades.com.br\/en\/wp-json\/wp\/v2\/media\/19541"}],"wp:attachment":[{"href":"https:\/\/jaguarutilidades.com.br\/en\/wp-json\/wp\/v2\/media?parent=19540"}],"wp:term":[{"taxonomy":"product_brand","embeddable":true,"href":"https:\/\/jaguarutilidades.com.br\/en\/wp-json\/wp\/v2\/product_brand?post=19540"},{"taxonomy":"product_cat","embeddable":true,"href":"https:\/\/jaguarutilidades.com.br\/en\/wp-json\/wp\/v2\/product_cat?post=19540"},{"taxonomy":"product_tag","embeddable":true,"href":"https:\/\/jaguarutilidades.com.br\/en\/wp-json\/wp\/v2\/product_tag?post=19540"}],"curies":[{"name":"wp","href":"https:\/\/api.w.org\/{rel}","templated":true}]}}