{"id":19545,"date":"2026-02-02T11:17:59","date_gmt":"2026-02-02T11:17:59","guid":{"rendered":"https:\/\/jaguarutilidades.com.br\/?post_type=product&#038;p=19545"},"modified":"2026-02-02T11:17:59","modified_gmt":"2026-02-02T11:17:59","slug":"vaso-com-prato-acoplado-17-l","status":"publish","type":"product","link":"https:\/\/jaguarutilidades.com.br\/en\/product\/vaso-com-prato-acoplado-17-l\/","title":{"rendered":"VASO COM PRATO ACOPLADO 1,7 L"},"content":{"rendered":"<p>O Vaso de Planta FLORA DECOR 1,7 L combina design contempor\u00e2neo, praticidade e segur an\u00e7a, sendo ideal para plantas como orqu\u00eddeas. Fabricado em pl\u00e1stico resistente de alta qualidade, possui prato acoplado com sistema antidengue, garantindo mais prote\u00e7\u00e3o no uso di\u00e1rio. Seu acabamento com textura grafiato e visual moderno tornam o produto p erfeito para ambientes internos e externos, unindo est\u00e9tica e funcionalidade.<\/p>","protected":false},"excerpt":{"rendered":"<p>O Vaso de Planta FLORA DECOR 1,7 L combina design contempor\u00e2neo, praticidade e segur an\u00e7a, sendo ideal para plantas como orqu\u00eddeas. Fabricado em pl\u00e1stico resistente de alta qualidade, possui prato acoplado com sistema antidengue, garantindo mais prote\u00e7\u00e3o no uso di\u00e1rio. Seu acabamento com textura grafiato e visual moderno tornam o produto p erfeito para ambientes [&hellip;]<\/p>\n","protected":false},"featured_media":19546,"comment_status":"open","ping_status":"closed","template":"","meta":[],"product_brand":[362],"product_cat":[361],"product_tag":[],"class_list":{"0":"post-19545","1":"product","2":"type-product","3":"status-publish","4":"has-post-thumbnail","6":"product_brand-flora-decor","7":"product_cat-jardinagem","9":"first","10":"instock","11":"shipping-taxable","12":"product-type-simple"},"_links":{"self":[{"href":"https:\/\/jaguarutilidades.com.br\/en\/wp-json\/wp\/v2\/product\/19545","targetHints":{"allow":["GET"]}}],"collection":[{"href":"https:\/\/jaguarutilidades.com.br\/en\/wp-json\/wp\/v2\/product"}],"about":[{"href":"https:\/\/jaguarutilidades.com.br\/en\/wp-json\/wp\/v2\/types\/product"}],"replies":[{"embeddable":true,"href":"https:\/\/jaguarutilidades.com.br\/en\/wp-json\/wp\/v2\/comments?post=19545"}],"wp:featuredmedia":[{"embeddable":true,"href":"https:\/\/jaguarutilidades.com.br\/en\/wp-json\/wp\/v2\/media\/19546"}],"wp:attachment":[{"href":"https:\/\/jaguarutilidades.com.br\/en\/wp-json\/wp\/v2\/media?parent=19545"}],"wp:term":[{"taxonomy":"product_brand","embeddable":true,"href":"https:\/\/jaguarutilidades.com.br\/en\/wp-json\/wp\/v2\/product_brand?post=19545"},{"taxonomy":"product_cat","embeddable":true,"href":"https:\/\/jaguarutilidades.com.br\/en\/wp-json\/wp\/v2\/product_cat?post=19545"},{"taxonomy":"product_tag","embeddable":true,"href":"https:\/\/jaguarutilidades.com.br\/en\/wp-json\/wp\/v2\/product_tag?post=19545"}],"curies":[{"name":"wp","href":"https:\/\/api.w.org\/{rel}","templated":true}]}}