{"id":19550,"date":"2026-02-02T11:20:09","date_gmt":"2026-02-02T11:20:09","guid":{"rendered":"https:\/\/jaguarutilidades.com.br\/?post_type=product&#038;p=19550"},"modified":"2026-02-02T11:26:28","modified_gmt":"2026-02-02T11:26:28","slug":"vaso-com-prato-acoplado-38-l","status":"publish","type":"product","link":"https:\/\/jaguarutilidades.com.br\/en\/product\/vaso-com-prato-acoplado-38-l\/","title":{"rendered":"VASO COM PRATO ACOPLADO 3,8 L"},"content":{"rendered":"<p>O Vaso de Planta FLORA DECOR 3,8 L \u00e9 ideal para plantas e flores de m\u00e9dio porte, oferecendo uma solu\u00e7\u00e3o pr\u00e1tica e segura para o dia a dia. Produzido em pl\u00e1stico resistente de alta qualidade, conta com prato acoplado com sistema antidengue, que evita o ac\u00famulo de \u00e1gua. Com textura grafiato, design contempor\u00e2neo e acabamento moderno, \u00e9 indicado para uso em ambientes internos e externos, aliando decora\u00e7\u00e3o, durabilidade e funcionalidade.<\/p>","protected":false},"excerpt":{"rendered":"<p>O Vaso de Planta FLORA DECOR 3,8 L \u00e9 ideal para plantas e flores de m\u00e9dio porte, oferecendo uma solu\u00e7\u00e3o pr\u00e1tica e segura para o dia a dia. Produzido em pl\u00e1stico resistente de alta qualidade, conta com prato acoplado com sistema antidengue, que evita o ac\u00famulo de \u00e1gua. Com textura grafiato, design contempor\u00e2neo e acabamento [&hellip;]<\/p>\n","protected":false},"featured_media":19551,"comment_status":"open","ping_status":"closed","template":"","meta":[],"product_brand":[362],"product_cat":[361],"product_tag":[],"class_list":{"0":"post-19550","1":"product","2":"type-product","3":"status-publish","4":"has-post-thumbnail","6":"product_brand-flora-decor","7":"product_cat-jardinagem","9":"first","10":"instock","11":"shipping-taxable","12":"product-type-simple"},"_links":{"self":[{"href":"https:\/\/jaguarutilidades.com.br\/en\/wp-json\/wp\/v2\/product\/19550","targetHints":{"allow":["GET"]}}],"collection":[{"href":"https:\/\/jaguarutilidades.com.br\/en\/wp-json\/wp\/v2\/product"}],"about":[{"href":"https:\/\/jaguarutilidades.com.br\/en\/wp-json\/wp\/v2\/types\/product"}],"replies":[{"embeddable":true,"href":"https:\/\/jaguarutilidades.com.br\/en\/wp-json\/wp\/v2\/comments?post=19550"}],"wp:featuredmedia":[{"embeddable":true,"href":"https:\/\/jaguarutilidades.com.br\/en\/wp-json\/wp\/v2\/media\/19551"}],"wp:attachment":[{"href":"https:\/\/jaguarutilidades.com.br\/en\/wp-json\/wp\/v2\/media?parent=19550"}],"wp:term":[{"taxonomy":"product_brand","embeddable":true,"href":"https:\/\/jaguarutilidades.com.br\/en\/wp-json\/wp\/v2\/product_brand?post=19550"},{"taxonomy":"product_cat","embeddable":true,"href":"https:\/\/jaguarutilidades.com.br\/en\/wp-json\/wp\/v2\/product_cat?post=19550"},{"taxonomy":"product_tag","embeddable":true,"href":"https:\/\/jaguarutilidades.com.br\/en\/wp-json\/wp\/v2\/product_tag?post=19550"}],"curies":[{"name":"wp","href":"https:\/\/api.w.org\/{rel}","templated":true}]}}