{"id":13091,"date":"2025-06-16T21:24:48","date_gmt":"2025-06-16T21:24:48","guid":{"rendered":"https:\/\/jaguarutilidades.com.br\/?page_id=13091"},"modified":"2025-12-14T16:59:09","modified_gmt":"2025-12-14T16:59:09","slug":"blog","status":"publish","type":"page","link":"https:\/\/jaguarutilidades.com.br\/es\/blog\/","title":{"rendered":"Blog"},"content":{"rendered":"<div data-elementor-type=\"wp-page\" data-elementor-id=\"13091\" class=\"elementor elementor-13091\" data-elementor-post-type=\"page\">\n\t\t\t\t<div data-particle_enable=\"false\" data-particle-mobile-disabled=\"false\" class=\"elementor-element elementor-element-14b0308 e-flex e-con-boxed e-con e-parent\" data-id=\"14b0308\" data-element_type=\"container\" data-e-type=\"container\" data-settings=\"{&quot;background_background&quot;:&quot;classic&quot;}\">\n\t\t\t\t\t<div class=\"e-con-inner\">\n\t\t<div data-particle_enable=\"false\" data-particle-mobile-disabled=\"false\" class=\"elementor-element elementor-element-dd28a77 e-con-full e-flex e-con e-child\" data-id=\"dd28a77\" data-element_type=\"container\" data-e-type=\"container\">\n\t\t\t\t<div class=\"elementor-element elementor-element-a4d734d elementor-widget elementor-widget-heading\" data-id=\"a4d734d\" data-element_type=\"widget\" data-e-type=\"widget\" data-settings=\"{&quot;_animation&quot;:&quot;none&quot;}\" data-widget_type=\"heading.default\">\n\t\t\t\t<div class=\"elementor-widget-container\">\n\t\t\t\t\t<h1 class=\"elementor-heading-title elementor-size-default\">Noticias Jaguar<\/h1>\t\t\t\t<\/div>\n\t\t\t\t<\/div>\n\t\t\t\t<div class=\"elementor-element elementor-element-c61a919 elementor-widget elementor-widget-heading\" data-id=\"c61a919\" data-element_type=\"widget\" data-e-type=\"widget\" data-settings=\"{&quot;_animation&quot;:&quot;none&quot;}\" data-widget_type=\"heading.default\">\n\t\t\t\t<div class=\"elementor-widget-container\">\n\t\t\t\t\t<h4 class=\"elementor-heading-title elementor-size-default\">Novedades de Jaguar Utilities<\/h4>\t\t\t\t<\/div>\n\t\t\t\t<\/div>\n\t\t\t\t<\/div>\n\t\t\t\t\t<\/div>\n\t\t\t\t<\/div>\n\t\t<div data-particle_enable=\"false\" data-particle-mobile-disabled=\"false\" class=\"elementor-element elementor-element-5d2bcc2 e-flex e-con-boxed e-con e-parent\" data-id=\"5d2bcc2\" data-element_type=\"container\" data-e-type=\"container\">\n\t\t\t\t\t<div class=\"e-con-inner\">\n\t\t\t\t<div class=\"elementor-element elementor-element-ed41e42 elementor-posts__hover-none elementor-grid-3 elementor-grid-tablet-2 elementor-grid-mobile-1 elementor-posts--thumbnail-top elementor-card-shadow-yes load-more-align-center elementor-widget elementor-widget-posts\" data-id=\"ed41e42\" data-element_type=\"widget\" data-e-type=\"widget\" data-settings=\"{&quot;pagination_type&quot;:&quot;load_more_on_click&quot;,&quot;cards_columns&quot;:&quot;3&quot;,&quot;cards_columns_tablet&quot;:&quot;2&quot;,&quot;cards_columns_mobile&quot;:&quot;1&quot;,&quot;cards_row_gap&quot;:{&quot;unit&quot;:&quot;px&quot;,&quot;size&quot;:35,&quot;sizes&quot;:[]},&quot;cards_row_gap_tablet&quot;:{&quot;unit&quot;:&quot;px&quot;,&quot;size&quot;:&quot;&quot;,&quot;sizes&quot;:[]},&quot;cards_row_gap_mobile&quot;:{&quot;unit&quot;:&quot;px&quot;,&quot;size&quot;:&quot;&quot;,&quot;sizes&quot;:[]},&quot;load_more_spinner&quot;:{&quot;value&quot;:&quot;fas fa-spinner&quot;,&quot;library&quot;:&quot;fa-solid&quot;}}\" data-widget_type=\"posts.cards\">\n\t\t\t\t<div class=\"elementor-widget-container\">\n\t\t\t\t\t\t\t<div class=\"elementor-posts-container elementor-posts elementor-posts--skin-cards elementor-grid\" role=\"list\">\n\t\t\t\t<article class=\"elementor-post elementor-grid-item post-19242 post type-post status-publish format-standard has-post-thumbnail hentry category-uncategorized\" role=\"listitem\">\n\t\t\t<div class=\"elementor-post__card\">\n\t\t\t\t<a class=\"elementor-post__thumbnail__link\" href=\"https:\/\/jaguarutilidades.com.br\/es\/2025\/12\/10\/pratica-e-moderna-assim-so-a-slim-conheca-a-linha\/\" tabindex=\"-1\" ><div class=\"elementor-post__thumbnail\"><img fetchpriority=\"high\" decoding=\"async\" width=\"300\" height=\"200\" src=\"https:\/\/jaguarutilidades.com.br\/wp-content\/uploads\/2025\/12\/unnamed-2-300x200.jpg\" class=\"attachment-medium size-medium wp-image-19244\" alt=\"\" srcset=\"https:\/\/jaguarutilidades.com.br\/wp-content\/uploads\/2025\/12\/unnamed-2-300x200.jpg 300w, https:\/\/jaguarutilidades.com.br\/wp-content\/uploads\/2025\/12\/unnamed-2-1024x682.jpg 1024w, https:\/\/jaguarutilidades.com.br\/wp-content\/uploads\/2025\/12\/unnamed-2-768x512.jpg 768w, https:\/\/jaguarutilidades.com.br\/wp-content\/uploads\/2025\/12\/unnamed-2-18x12.jpg 18w, https:\/\/jaguarutilidades.com.br\/wp-content\/uploads\/2025\/12\/unnamed-2-602x401.jpg 602w, https:\/\/jaguarutilidades.com.br\/wp-content\/uploads\/2025\/12\/unnamed-2-600x400.jpg 600w, https:\/\/jaguarutilidades.com.br\/wp-content\/uploads\/2025\/12\/unnamed-2-64x43.jpg 64w, https:\/\/jaguarutilidades.com.br\/wp-content\/uploads\/2025\/12\/unnamed-2.jpg 1379w\" sizes=\"(max-width: 300px) 100vw, 300px\" \/><\/div><\/a>\n\t\t\t\t<div class=\"elementor-post__text\">\n\t\t\t\t<h3 class=\"elementor-post__title\">\n\t\t\t<a href=\"https:\/\/jaguarutilidades.com.br\/es\/2025\/12\/10\/pratica-e-moderna-assim-so-a-slim-conheca-a-linha\/\" >\n\t\t\t\tPr\u00e1ctico y moderno como \u00e9ste, s\u00f3lo Slim | Conozca la gama\t\t\t<\/a>\n\t\t<\/h3>\n\t\t\t\t<\/div>\n\t\t\t\t\t<\/div>\n\t\t<\/article>\n\t\t\t\t<article class=\"elementor-post elementor-grid-item post-19238 post type-post status-publish format-standard has-post-thumbnail hentry category-produtos\" role=\"listitem\">\n\t\t\t<div class=\"elementor-post__card\">\n\t\t\t\t<a class=\"elementor-post__thumbnail__link\" href=\"https:\/\/jaguarutilidades.com.br\/es\/2025\/12\/10\/potes-conservadores-organizacao-beleza-e-praticidade-para-a-sua-cozinha\/\" tabindex=\"-1\" ><div class=\"elementor-post__thumbnail\"><img decoding=\"async\" width=\"200\" height=\"300\" src=\"https:\/\/jaguarutilidades.com.br\/wp-content\/uploads\/2025\/12\/pote-conv-200x300.jpg\" class=\"attachment-medium size-medium wp-image-19239\" alt=\"\" srcset=\"https:\/\/jaguarutilidades.com.br\/wp-content\/uploads\/2025\/12\/pote-conv-200x300.jpg 200w, https:\/\/jaguarutilidades.com.br\/wp-content\/uploads\/2025\/12\/pote-conv-8x12.jpg 8w, https:\/\/jaguarutilidades.com.br\/wp-content\/uploads\/2025\/12\/pote-conv-64x96.jpg 64w, https:\/\/jaguarutilidades.com.br\/wp-content\/uploads\/2025\/12\/pote-conv.jpg 466w\" sizes=\"(max-width: 200px) 100vw, 200px\" \/><\/div><\/a>\n\t\t\t\t<div class=\"elementor-post__text\">\n\t\t\t\t<h3 class=\"elementor-post__title\">\n\t\t\t<a href=\"https:\/\/jaguarutilidades.com.br\/es\/2025\/12\/10\/potes-conservadores-organizacao-beleza-e-praticidade-para-a-sua-cozinha\/\" >\n\t\t\t\tTarros de conserva: organizaci\u00f3n, belleza y practicidad para su cocina\t\t\t<\/a>\n\t\t<\/h3>\n\t\t\t\t<\/div>\n\t\t\t\t\t<\/div>\n\t\t<\/article>\n\t\t\t\t<article class=\"elementor-post elementor-grid-item post-19234 post type-post status-publish format-standard has-post-thumbnail hentry category-produtos\" role=\"listitem\">\n\t\t\t<div class=\"elementor-post__card\">\n\t\t\t\t<a class=\"elementor-post__thumbnail__link\" href=\"https:\/\/jaguarutilidades.com.br\/es\/2025\/12\/09\/linha-mix-color-um-toque-de-cor-e-modernidade-para-a-sua-cozinha\/\" tabindex=\"-1\" ><div class=\"elementor-post__thumbnail\"><img decoding=\"async\" width=\"200\" height=\"300\" src=\"https:\/\/jaguarutilidades.com.br\/wp-content\/uploads\/2025\/12\/pote-mix-2-200x300.jpg\" class=\"attachment-medium size-medium wp-image-19236\" alt=\"\" srcset=\"https:\/\/jaguarutilidades.com.br\/wp-content\/uploads\/2025\/12\/pote-mix-2-200x300.jpg 200w, https:\/\/jaguarutilidades.com.br\/wp-content\/uploads\/2025\/12\/pote-mix-2-683x1024.jpg 683w, https:\/\/jaguarutilidades.com.br\/wp-content\/uploads\/2025\/12\/pote-mix-2-768x1152.jpg 768w, https:\/\/jaguarutilidades.com.br\/wp-content\/uploads\/2025\/12\/pote-mix-2-8x12.jpg 8w, https:\/\/jaguarutilidades.com.br\/wp-content\/uploads\/2025\/12\/pote-mix-2-602x903.jpg 602w, https:\/\/jaguarutilidades.com.br\/wp-content\/uploads\/2025\/12\/pote-mix-2-600x900.jpg 600w, https:\/\/jaguarutilidades.com.br\/wp-content\/uploads\/2025\/12\/pote-mix-2-64x96.jpg 64w, https:\/\/jaguarutilidades.com.br\/wp-content\/uploads\/2025\/12\/pote-mix-2.jpg 796w\" sizes=\"(max-width: 200px) 100vw, 200px\" \/><\/div><\/a>\n\t\t\t\t<div class=\"elementor-post__text\">\n\t\t\t\t<h3 class=\"elementor-post__title\">\n\t\t\t<a href=\"https:\/\/jaguarutilidades.com.br\/es\/2025\/12\/09\/linha-mix-color-um-toque-de-cor-e-modernidade-para-a-sua-cozinha\/\" >\n\t\t\t\tGama Mix Color: un toque de color y modernidad para su cocina\t\t\t<\/a>\n\t\t<\/h3>\n\t\t\t\t<\/div>\n\t\t\t\t\t<\/div>\n\t\t<\/article>\n\t\t\t\t<article class=\"elementor-post elementor-grid-item post-19229 post type-post status-publish format-standard has-post-thumbnail hentry category-dicas\" role=\"listitem\">\n\t\t\t<div class=\"elementor-post__card\">\n\t\t\t\t<a class=\"elementor-post__thumbnail__link\" href=\"https:\/\/jaguarutilidades.com.br\/es\/2025\/12\/03\/jardinagem-com-estilo-a-uniao-perfeita-entre-beleza-e-praticidade-na-colecao-flora-decor\/\" tabindex=\"-1\" ><div class=\"elementor-post__thumbnail\"><img loading=\"lazy\" decoding=\"async\" width=\"300\" height=\"145\" src=\"https:\/\/jaguarutilidades.com.br\/wp-content\/uploads\/2025\/12\/Imagem-flor-300x145.jpg\" class=\"attachment-medium size-medium wp-image-19230\" alt=\"\" srcset=\"https:\/\/jaguarutilidades.com.br\/wp-content\/uploads\/2025\/12\/Imagem-flor-300x145.jpg 300w, https:\/\/jaguarutilidades.com.br\/wp-content\/uploads\/2025\/12\/Imagem-flor-768x372.jpg 768w, https:\/\/jaguarutilidades.com.br\/wp-content\/uploads\/2025\/12\/Imagem-flor-18x9.jpg 18w, https:\/\/jaguarutilidades.com.br\/wp-content\/uploads\/2025\/12\/Imagem-flor-602x292.jpg 602w, https:\/\/jaguarutilidades.com.br\/wp-content\/uploads\/2025\/12\/Imagem-flor-600x291.jpg 600w, https:\/\/jaguarutilidades.com.br\/wp-content\/uploads\/2025\/12\/Imagem-flor-64x31.jpg 64w, https:\/\/jaguarutilidades.com.br\/wp-content\/uploads\/2025\/12\/Imagem-flor.jpg 993w\" sizes=\"(max-width: 300px) 100vw, 300px\" \/><\/div><\/a>\n\t\t\t\t<div class=\"elementor-post__text\">\n\t\t\t\t<h3 class=\"elementor-post__title\">\n\t\t\t<a href=\"https:\/\/jaguarutilidades.com.br\/es\/2025\/12\/03\/jardinagem-com-estilo-a-uniao-perfeita-entre-beleza-e-praticidade-na-colecao-flora-decor\/\" >\n\t\t\t\tJardiner\u00eda con estilo: la combinaci\u00f3n perfecta de belleza y funcionalidad en la colecci\u00f3n Flora Decor\t\t\t<\/a>\n\t\t<\/h3>\n\t\t\t\t<\/div>\n\t\t\t\t\t<\/div>\n\t\t<\/article>\n\t\t\t\t<article class=\"elementor-post elementor-grid-item post-13064 post type-post status-publish format-standard has-post-thumbnail hentry category-nao-categorizado tag-noticias\" role=\"listitem\">\n\t\t\t<div class=\"elementor-post__card\">\n\t\t\t\t<a class=\"elementor-post__thumbnail__link\" href=\"https:\/\/jaguarutilidades.com.br\/es\/2025\/05\/29\/organizacao-inteligente-e-sustentavel-veja-como-os-organizadores-eco-nature-facilitam-a-sua-rotina\/\" tabindex=\"-1\" ><div class=\"elementor-post__thumbnail\"><img loading=\"lazy\" decoding=\"async\" width=\"300\" height=\"218\" src=\"https:\/\/jaguarutilidades.com.br\/wp-content\/uploads\/2025\/04\/MRK_JAGUAR_JP_9343_25_META_JU_2305_BLOG-1-300x218.png\" class=\"attachment-medium size-medium wp-image-16416\" alt=\"\" srcset=\"https:\/\/jaguarutilidades.com.br\/wp-content\/uploads\/2025\/04\/MRK_JAGUAR_JP_9343_25_META_JU_2305_BLOG-1-300x218.png 300w, https:\/\/jaguarutilidades.com.br\/wp-content\/uploads\/2025\/04\/MRK_JAGUAR_JP_9343_25_META_JU_2305_BLOG-1-602x438.png 602w, https:\/\/jaguarutilidades.com.br\/wp-content\/uploads\/2025\/04\/MRK_JAGUAR_JP_9343_25_META_JU_2305_BLOG-1-600x437.png 600w, https:\/\/jaguarutilidades.com.br\/wp-content\/uploads\/2025\/04\/MRK_JAGUAR_JP_9343_25_META_JU_2305_BLOG-1-768x559.png 768w, https:\/\/jaguarutilidades.com.br\/wp-content\/uploads\/2025\/04\/MRK_JAGUAR_JP_9343_25_META_JU_2305_BLOG-1.png 1000w\" sizes=\"(max-width: 300px) 100vw, 300px\" \/><\/div><\/a>\n\t\t\t\t<div class=\"elementor-post__text\">\n\t\t\t\t<h3 class=\"elementor-post__title\">\n\t\t\t<a href=\"https:\/\/jaguarutilidades.com.br\/es\/2025\/05\/29\/organizacao-inteligente-e-sustentavel-veja-como-os-organizadores-eco-nature-facilitam-a-sua-rotina\/\" >\n\t\t\t\tOrganizaci\u00f3n inteligente y sostenible: vea c\u00f3mo los organizadores Eco Nature facilitan su rutina\t\t\t<\/a>\n\t\t<\/h3>\n\t\t\t\t<\/div>\n\t\t\t\t\t<\/div>\n\t\t<\/article>\n\t\t\t\t<article class=\"elementor-post elementor-grid-item post-12851 post type-post status-publish format-standard has-post-thumbnail hentry category-nao-categorizado\" role=\"listitem\">\n\t\t\t<div class=\"elementor-post__card\">\n\t\t\t\t<a class=\"elementor-post__thumbnail__link\" href=\"https:\/\/jaguarutilidades.com.br\/es\/2025\/04\/30\/organizacao-e-saude-na-sua-rotina-como-nossos-potes-ajudam-na-alimentacao-saudavel\/\" tabindex=\"-1\" ><div class=\"elementor-post__thumbnail\"><img loading=\"lazy\" decoding=\"async\" width=\"300\" height=\"200\" src=\"https:\/\/jaguarutilidades.com.br\/wp-content\/uploads\/2025\/06\/0003_Jaguar_M51-300x200.jpg\" class=\"attachment-medium size-medium wp-image-310\" alt=\"\" srcset=\"https:\/\/jaguarutilidades.com.br\/wp-content\/uploads\/2025\/06\/0003_Jaguar_M51-300x200.jpg 300w, https:\/\/jaguarutilidades.com.br\/wp-content\/uploads\/2025\/06\/0003_Jaguar_M51-602x401.jpg 602w, https:\/\/jaguarutilidades.com.br\/wp-content\/uploads\/2025\/06\/0003_Jaguar_M51-600x400.jpg 600w, https:\/\/jaguarutilidades.com.br\/wp-content\/uploads\/2025\/06\/0003_Jaguar_M51-1024x683.jpg 1024w, https:\/\/jaguarutilidades.com.br\/wp-content\/uploads\/2025\/06\/0003_Jaguar_M51-768x512.jpg 768w, https:\/\/jaguarutilidades.com.br\/wp-content\/uploads\/2025\/06\/0003_Jaguar_M51-1536x1024.jpg 1536w, https:\/\/jaguarutilidades.com.br\/wp-content\/uploads\/2025\/06\/0003_Jaguar_M51-2048x1365.jpg 2048w, https:\/\/jaguarutilidades.com.br\/wp-content\/uploads\/2025\/06\/0003_Jaguar_M51.jpg 1600w\" sizes=\"(max-width: 300px) 100vw, 300px\" \/><\/div><\/a>\n\t\t\t\t<div class=\"elementor-post__text\">\n\t\t\t\t<h3 class=\"elementor-post__title\">\n\t\t\t<a href=\"https:\/\/jaguarutilidades.com.br\/es\/2025\/04\/30\/organizacao-e-saude-na-sua-rotina-como-nossos-potes-ajudam-na-alimentacao-saudavel\/\" >\n\t\t\t\tOrganizaci\u00f3n y salud en su rutina: \u00a1c\u00f3mo ayudan nuestros tarros a comer sano!\t\t\t<\/a>\n\t\t<\/h3>\n\t\t\t\t<\/div>\n\t\t\t\t\t<\/div>\n\t\t<\/article>\n\t\t\t\t<\/div>\n\t\t\t\t\t<span class=\"e-load-more-spinner\">\n\t\t\t\t<svg aria-hidden=\"true\" class=\"e-font-icon-svg e-fas-spinner\" viewbox=\"0 0 512 512\" xmlns=\"http:\/\/www.w3.org\/2000\/svg\"><path d=\"M304 48c0 26.51-21.49 48-48 48s-48-21.49-48-48 21.49-48 48-48 48 21.49 48 48zm-48 368c-26.51 0-48 21.49-48 48s21.49 48 48 48 48-21.49 48-48-21.49-48-48-48zm208-208c-26.51 0-48 21.49-48 48s21.49 48 48 48 48-21.49 48-48-21.49-48-48-48zM96 256c0-26.51-21.49-48-48-48S0 229.49 0 256s21.49 48 48 48 48-21.49 48-48zm12.922 99.078c-26.51 0-48 21.49-48 48s21.49 48 48 48 48-21.49 48-48c0-26.509-21.491-48-48-48zm294.156 0c-26.51 0-48 21.49-48 48s21.49 48 48 48 48-21.49 48-48c0-26.509-21.49-48-48-48zM108.922 60.922c-26.51 0-48 21.49-48 48s21.49 48 48 48 48-21.49 48-48-21.491-48-48-48z\"><\/path><\/svg>\t\t\t<\/span>\n\t\t\n\t\t\t\t<div class=\"e-load-more-anchor\" data-page=\"1\" data-max-page=\"13\" data-next-page=\"https:\/\/jaguarutilidades.com.br\/es\/wp-json\/wp\/v2\/pages\/13091\/page\/2\/\"><\/div>\n\t\t\t\t<div class=\"elementor-button-wrapper\">\n\t\t\t<a class=\"elementor-button elementor-size-sm\" role=\"button\">\n\t\t\t\t\t\t<span class=\"elementor-button-content-wrapper\">\n\t\t\t\t\t\t\t\t\t<span class=\"elementor-button-text\">Cargar m\u00e1s contenido<\/span>\n\t\t\t\t\t<\/span>\n\t\t\t\t\t<\/a>\n\t\t<\/div>\n\t\t\t\t<div class=\"e-load-more-message\"><\/div>\n\t\t\t\t\t\t<\/div>\n\t\t\t\t<\/div>\n\t\t\t\t\t<\/div>\n\t\t\t\t<\/div>\n\t\t\t\t<\/div>","protected":false},"excerpt":{"rendered":"<p>Noticias de Jaguar Novedades de Jaguar Utilities<\/p>","protected":false},"author":1,"featured_media":0,"parent":0,"menu_order":0,"comment_status":"closed","ping_status":"closed","template":"elementor_header_footer","meta":{"footnotes":""},"class_list":["post-13091","page","type-page","status-publish","hentry"],"_links":{"self":[{"href":"https:\/\/jaguarutilidades.com.br\/es\/wp-json\/wp\/v2\/pages\/13091","targetHints":{"allow":["GET"]}}],"collection":[{"href":"https:\/\/jaguarutilidades.com.br\/es\/wp-json\/wp\/v2\/pages"}],"about":[{"href":"https:\/\/jaguarutilidades.com.br\/es\/wp-json\/wp\/v2\/types\/page"}],"author":[{"embeddable":true,"href":"https:\/\/jaguarutilidades.com.br\/es\/wp-json\/wp\/v2\/users\/1"}],"replies":[{"embeddable":true,"href":"https:\/\/jaguarutilidades.com.br\/es\/wp-json\/wp\/v2\/comments?post=13091"}],"version-history":[{"count":0,"href":"https:\/\/jaguarutilidades.com.br\/es\/wp-json\/wp\/v2\/pages\/13091\/revisions"}],"wp:attachment":[{"href":"https:\/\/jaguarutilidades.com.br\/es\/wp-json\/wp\/v2\/media?parent=13091"}],"curies":[{"name":"wp","href":"https:\/\/api.w.org\/{rel}","templated":true}]}}