{"id":18296,"date":"2025-10-11T19:28:52","date_gmt":"2025-10-11T19:28:52","guid":{"rendered":"https:\/\/jaguarutilidades.com.br\/produto\/conjunto-egito-4-pcs\/"},"modified":"2025-10-17T00:21:01","modified_gmt":"2025-10-17T00:21:01","slug":"conjunto-egito-4-pcs","status":"publish","type":"product","link":"https:\/\/jaguarutilidades.com.br\/es\/producto\/conjunto-egito-4-pcs\/","title":{"rendered":"EGIPTO SET 4 PIEZAS"},"content":{"rendered":"<p>El juego egito de 4 piezas de la gama de Ollas para Conservas es un producto esencial en el hogar. Fabricado en pl\u00e1stico resistente de alta calidad, ofrece practicidad y durabilidad en el uso diario. Ideal para quien busca utilidades dom\u00e9sticas, pl\u00e1stico resistente, organizaci\u00f3n, practicidad, con un dise\u00f1o funcional y acabado moderno. Perfecto para uso residencial, comercial o profesional.<\/p>","protected":false},"excerpt":{"rendered":"<p>egito set 4 pzas - producto de pl\u00e1stico resistente, ideal para quien busca practicidad y calidad. Perfecto para la organizaci\u00f3n y el uso diario.<\/p>","protected":false},"featured_media":17160,"comment_status":"open","ping_status":"closed","template":"","meta":[],"product_brand":[],"product_cat":[336],"product_tag":[],"class_list":{"0":"post-18296","1":"product","2":"type-product","3":"status-publish","4":"has-post-thumbnail","6":"product_cat-potes-conservadores","8":"first","9":"instock","10":"shipping-taxable","11":"product-type-simple"},"_links":{"self":[{"href":"https:\/\/jaguarutilidades.com.br\/es\/wp-json\/wp\/v2\/product\/18296","targetHints":{"allow":["GET"]}}],"collection":[{"href":"https:\/\/jaguarutilidades.com.br\/es\/wp-json\/wp\/v2\/product"}],"about":[{"href":"https:\/\/jaguarutilidades.com.br\/es\/wp-json\/wp\/v2\/types\/product"}],"replies":[{"embeddable":true,"href":"https:\/\/jaguarutilidades.com.br\/es\/wp-json\/wp\/v2\/comments?post=18296"}],"wp:featuredmedia":[{"embeddable":true,"href":"https:\/\/jaguarutilidades.com.br\/es\/wp-json\/wp\/v2\/media\/17160"}],"wp:attachment":[{"href":"https:\/\/jaguarutilidades.com.br\/es\/wp-json\/wp\/v2\/media?parent=18296"}],"wp:term":[{"taxonomy":"product_brand","embeddable":true,"href":"https:\/\/jaguarutilidades.com.br\/es\/wp-json\/wp\/v2\/product_brand?post=18296"},{"taxonomy":"product_cat","embeddable":true,"href":"https:\/\/jaguarutilidades.com.br\/es\/wp-json\/wp\/v2\/product_cat?post=18296"},{"taxonomy":"product_tag","embeddable":true,"href":"https:\/\/jaguarutilidades.com.br\/es\/wp-json\/wp\/v2\/product_tag?post=18296"}],"curies":[{"name":"wp","href":"https:\/\/api.w.org\/{rel}","templated":true}]}}