{"id":18310,"date":"2025-10-11T19:28:56","date_gmt":"2025-10-11T19:28:56","guid":{"rendered":"https:\/\/jaguarutilidades.com.br\/produto\/cj-5-pcs-potes-mantin-quad\/"},"modified":"2025-10-17T00:21:05","modified_gmt":"2025-10-17T00:21:05","slug":"cj-5-pcs-potes-mantin-quad","status":"publish","type":"product","link":"https:\/\/jaguarutilidades.com.br\/es\/producto\/cj-5-pcs-potes-mantin-quad\/","title":{"rendered":"JUEGO DE 5 MACETAS MANTIN. QUAD."},"content":{"rendered":"<p>Juego de 5 tarros cu\u00e1druples de la gama Grocery Jars es un producto esencial en los utensilios dom\u00e9sticos. Fabricados en pl\u00e1stico resistente de alta calidad, ofrecen practicidad y durabilidad en el uso diario. Ideal para quien busca utilidad dom\u00e9stica, pl\u00e1stico resistente, organizaci\u00f3n, practicidad, dise\u00f1o funcional y acabado moderno. Perfecto para uso residencial, comercial o profesional.<\/p>","protected":false},"excerpt":{"rendered":"<p>Juego de 5 macetas cu\u00e1druples - Producto de pl\u00e1stico resistente, ideal para quienes buscan practicidad y calidad. Perfecto para la organizaci\u00f3n y el uso diario.<\/p>","protected":false},"featured_media":17192,"comment_status":"open","ping_status":"closed","template":"","meta":[],"product_brand":[],"product_cat":[333],"product_tag":[],"class_list":{"0":"post-18310","1":"product","2":"type-product","3":"status-publish","4":"has-post-thumbnail","6":"product_cat-potes-mantimentos","8":"first","9":"instock","10":"shipping-taxable","11":"product-type-simple"},"_links":{"self":[{"href":"https:\/\/jaguarutilidades.com.br\/es\/wp-json\/wp\/v2\/product\/18310","targetHints":{"allow":["GET"]}}],"collection":[{"href":"https:\/\/jaguarutilidades.com.br\/es\/wp-json\/wp\/v2\/product"}],"about":[{"href":"https:\/\/jaguarutilidades.com.br\/es\/wp-json\/wp\/v2\/types\/product"}],"replies":[{"embeddable":true,"href":"https:\/\/jaguarutilidades.com.br\/es\/wp-json\/wp\/v2\/comments?post=18310"}],"wp:featuredmedia":[{"embeddable":true,"href":"https:\/\/jaguarutilidades.com.br\/es\/wp-json\/wp\/v2\/media\/17192"}],"wp:attachment":[{"href":"https:\/\/jaguarutilidades.com.br\/es\/wp-json\/wp\/v2\/media?parent=18310"}],"wp:term":[{"taxonomy":"product_brand","embeddable":true,"href":"https:\/\/jaguarutilidades.com.br\/es\/wp-json\/wp\/v2\/product_brand?post=18310"},{"taxonomy":"product_cat","embeddable":true,"href":"https:\/\/jaguarutilidades.com.br\/es\/wp-json\/wp\/v2\/product_cat?post=18310"},{"taxonomy":"product_tag","embeddable":true,"href":"https:\/\/jaguarutilidades.com.br\/es\/wp-json\/wp\/v2\/product_tag?post=18310"}],"curies":[{"name":"wp","href":"https:\/\/api.w.org\/{rel}","templated":true}]}}