{"id":18354,"date":"2025-10-11T19:29:09","date_gmt":"2025-10-11T19:29:09","guid":{"rendered":"https:\/\/jaguarutilidades.com.br\/produto\/cesto-ret-telado-60l\/"},"modified":"2025-10-17T00:21:11","modified_gmt":"2025-10-17T00:21:11","slug":"cesto-ret-telado-60l","status":"publish","type":"product","link":"https:\/\/jaguarutilidades.com.br\/es\/producto\/cesto-ret-telado-60l\/","title":{"rendered":"CESTA RETR\u00c1CTIL DE 60 LITROS"},"content":{"rendered":"<p>La cesta retr\u00e1ctil de 60 litros de la gama Cestos es un producto esencial en el hogar. Fabricada en pl\u00e1stico resistente de alta calidad, ofrece practicidad y durabilidad en el uso diario. Ideal para quien busca utilidades dom\u00e9sticas, pl\u00e1stico resistente, organizaci\u00f3n, practicidad, con un dise\u00f1o funcional y acabado moderno. Perfecto para uso residencial, comercial o profesional.<\/p>","protected":false},"excerpt":{"rendered":"<p>Cesta retr\u00e1ctil de 60 litros, fabricada en pl\u00e1stico resistente, ideal para quienes buscan practicidad y calidad. Perfecta para la organizaci\u00f3n y el uso diario.<\/p>","protected":false},"featured_media":17317,"comment_status":"open","ping_status":"closed","template":"","meta":[],"product_brand":[],"product_cat":[315],"product_tag":[],"class_list":{"0":"post-18354","1":"product","2":"type-product","3":"status-publish","4":"has-post-thumbnail","6":"product_cat-organizacao","8":"first","9":"instock","10":"shipping-taxable","11":"product-type-simple"},"_links":{"self":[{"href":"https:\/\/jaguarutilidades.com.br\/es\/wp-json\/wp\/v2\/product\/18354","targetHints":{"allow":["GET"]}}],"collection":[{"href":"https:\/\/jaguarutilidades.com.br\/es\/wp-json\/wp\/v2\/product"}],"about":[{"href":"https:\/\/jaguarutilidades.com.br\/es\/wp-json\/wp\/v2\/types\/product"}],"replies":[{"embeddable":true,"href":"https:\/\/jaguarutilidades.com.br\/es\/wp-json\/wp\/v2\/comments?post=18354"}],"wp:featuredmedia":[{"embeddable":true,"href":"https:\/\/jaguarutilidades.com.br\/es\/wp-json\/wp\/v2\/media\/17317"}],"wp:attachment":[{"href":"https:\/\/jaguarutilidades.com.br\/es\/wp-json\/wp\/v2\/media?parent=18354"}],"wp:term":[{"taxonomy":"product_brand","embeddable":true,"href":"https:\/\/jaguarutilidades.com.br\/es\/wp-json\/wp\/v2\/product_brand?post=18354"},{"taxonomy":"product_cat","embeddable":true,"href":"https:\/\/jaguarutilidades.com.br\/es\/wp-json\/wp\/v2\/product_cat?post=18354"},{"taxonomy":"product_tag","embeddable":true,"href":"https:\/\/jaguarutilidades.com.br\/es\/wp-json\/wp\/v2\/product_tag?post=18354"}],"curies":[{"name":"wp","href":"https:\/\/api.w.org\/{rel}","templated":true}]}}