{"id":18380,"date":"2025-10-11T19:29:16","date_gmt":"2025-10-11T19:29:16","guid":{"rendered":"https:\/\/jaguarutilidades.com.br\/produto\/balde-ind-18l\/"},"modified":"2025-10-17T00:21:16","modified_gmt":"2025-10-17T00:21:16","slug":"balde-ind-18l","status":"publish","type":"product","link":"https:\/\/jaguarutilidades.com.br\/es\/producto\/balde-ind-18l\/","title":{"rendered":"IND. 18L"},"content":{"rendered":"<p>Balde ind. 18l da linha Baldes \u00e9 um produto essencial em utilidades dom\u00e9sticas. Produzida em pl\u00e1stico resistente de alta qualidade, oferece praticidade e durabilidade no uso di\u00e1rio. Ideal para quem busca utilidades dom\u00e9sticas, pl\u00e1stico resistente, organiza\u00e7\u00e3o, praticidade, com design funcional e acabamento moderno. Perfeita para uso residencial, comercial ou profissional.<\/p>","protected":false},"excerpt":{"rendered":"<p>Balde ind. 18l \u2013 produto em pl\u00e1stico resistente, ideal para quem busca praticidade e qualidade. Perfeito para organiza\u00e7\u00e3o e uso di\u00e1rio.<\/p>","protected":false},"featured_media":17375,"comment_status":"open","ping_status":"closed","template":"","meta":[],"product_brand":[],"product_cat":[322],"product_tag":[],"class_list":{"0":"post-18380","1":"product","2":"type-product","3":"status-publish","4":"has-post-thumbnail","6":"product_cat-limpeza-e-lavanderia","8":"first","9":"instock","10":"shipping-taxable","11":"product-type-simple"},"_links":{"self":[{"href":"https:\/\/jaguarutilidades.com.br\/es\/wp-json\/wp\/v2\/product\/18380","targetHints":{"allow":["GET"]}}],"collection":[{"href":"https:\/\/jaguarutilidades.com.br\/es\/wp-json\/wp\/v2\/product"}],"about":[{"href":"https:\/\/jaguarutilidades.com.br\/es\/wp-json\/wp\/v2\/types\/product"}],"replies":[{"embeddable":true,"href":"https:\/\/jaguarutilidades.com.br\/es\/wp-json\/wp\/v2\/comments?post=18380"}],"wp:featuredmedia":[{"embeddable":true,"href":"https:\/\/jaguarutilidades.com.br\/es\/wp-json\/wp\/v2\/media\/17375"}],"wp:attachment":[{"href":"https:\/\/jaguarutilidades.com.br\/es\/wp-json\/wp\/v2\/media?parent=18380"}],"wp:term":[{"taxonomy":"product_brand","embeddable":true,"href":"https:\/\/jaguarutilidades.com.br\/es\/wp-json\/wp\/v2\/product_brand?post=18380"},{"taxonomy":"product_cat","embeddable":true,"href":"https:\/\/jaguarutilidades.com.br\/es\/wp-json\/wp\/v2\/product_cat?post=18380"},{"taxonomy":"product_tag","embeddable":true,"href":"https:\/\/jaguarutilidades.com.br\/es\/wp-json\/wp\/v2\/product_tag?post=18380"}],"curies":[{"name":"wp","href":"https:\/\/api.w.org\/{rel}","templated":true}]}}