{"id":18391,"date":"2025-10-11T19:29:18","date_gmt":"2025-10-11T19:29:18","guid":{"rendered":"https:\/\/jaguarutilidades.com.br\/produto\/lixeira-c-pedal-7l-eco\/"},"modified":"2025-10-17T00:21:17","modified_gmt":"2025-10-17T00:21:17","slug":"lixeira-c-pedal-7l-eco","status":"publish","type":"product","link":"https:\/\/jaguarutilidades.com.br\/es\/producto\/lixeira-c-pedal-7l-eco\/","title":{"rendered":"PAPELERA CON PEDAL 7L ECO"},"content":{"rendered":"<p>Papelera con pedal 7l eco de la l\u00ednea Papeleras es un producto esencial en los servicios dom\u00e9sticos. Fabricado en pl\u00e1stico resistente de alta calidad, ofrece practicidad y durabilidad en el uso diario. Ideal para quien busca utilidad dom\u00e9stica, pl\u00e1stico resistente, organizaci\u00f3n, practicidad, dise\u00f1o funcional y acabado moderno. Perfecto para uso residencial, comercial o profesional.<\/p>","protected":false},"excerpt":{"rendered":"<p>Lixeira c\/ pedal 7l eco \u2013 produto em pl\u00e1stico resistente, ideal para quem busca praticidade e qualidade. Perfeito para organiza\u00e7\u00e3o e uso di\u00e1rio.<\/p>","protected":false},"featured_media":17404,"comment_status":"open","ping_status":"closed","template":"","meta":[],"product_brand":[],"product_cat":[322],"product_tag":[],"class_list":{"0":"post-18391","1":"product","2":"type-product","3":"status-publish","4":"has-post-thumbnail","6":"product_cat-limpeza-e-lavanderia","8":"first","9":"instock","10":"shipping-taxable","11":"product-type-simple"},"_links":{"self":[{"href":"https:\/\/jaguarutilidades.com.br\/es\/wp-json\/wp\/v2\/product\/18391","targetHints":{"allow":["GET"]}}],"collection":[{"href":"https:\/\/jaguarutilidades.com.br\/es\/wp-json\/wp\/v2\/product"}],"about":[{"href":"https:\/\/jaguarutilidades.com.br\/es\/wp-json\/wp\/v2\/types\/product"}],"replies":[{"embeddable":true,"href":"https:\/\/jaguarutilidades.com.br\/es\/wp-json\/wp\/v2\/comments?post=18391"}],"wp:featuredmedia":[{"embeddable":true,"href":"https:\/\/jaguarutilidades.com.br\/es\/wp-json\/wp\/v2\/media\/17404"}],"wp:attachment":[{"href":"https:\/\/jaguarutilidades.com.br\/es\/wp-json\/wp\/v2\/media?parent=18391"}],"wp:term":[{"taxonomy":"product_brand","embeddable":true,"href":"https:\/\/jaguarutilidades.com.br\/es\/wp-json\/wp\/v2\/product_brand?post=18391"},{"taxonomy":"product_cat","embeddable":true,"href":"https:\/\/jaguarutilidades.com.br\/es\/wp-json\/wp\/v2\/product_cat?post=18391"},{"taxonomy":"product_tag","embeddable":true,"href":"https:\/\/jaguarutilidades.com.br\/es\/wp-json\/wp\/v2\/product_tag?post=18391"}],"curies":[{"name":"wp","href":"https:\/\/api.w.org\/{rel}","templated":true}]}}