{"id":18483,"date":"2025-10-11T19:29:44","date_gmt":"2025-10-11T19:29:44","guid":{"rendered":"https:\/\/jaguarutilidades.com.br\/produto\/caixa-org-c-tampa-juta-18l-cru\/"},"modified":"2025-10-17T00:21:33","modified_gmt":"2025-10-17T00:21:33","slug":"caixa-org-c-tampa-juta-18l-cru","status":"publish","type":"product","link":"https:\/\/jaguarutilidades.com.br\/es\/producto\/caixa-org-c-tampa-juta-18l-cru\/","title":{"rendered":"CAJA ORG. CON TAPA DE YUTE 1,8L - CRUDO"},"content":{"rendered":"<p>Caja organizadora con tapa de yute 1,8l - raw de la l\u00ednea Organizadores es un producto esencial en el utilitario dom\u00e9stico. Fabricado en pl\u00e1stico resistente de alta calidad, ofrece practicidad y durabilidad para el uso diario. Ideal para quien busca utilidades dom\u00e9sticas, pl\u00e1stico resistente, organizaci\u00f3n, practicidad, dise\u00f1o funcional y acabado moderno. Perfecto para uso residencial, comercial o profesional.<\/p>","protected":false},"excerpt":{"rendered":"<p>Caja organizadora con tapa de yute 1,8 l - cruda - Producto de pl\u00e1stico resistente, ideal para quienes buscan practicidad y calidad. Perfecto para la organizaci\u00f3n y el uso diario.<\/p>","protected":false},"featured_media":17592,"comment_status":"open","ping_status":"closed","template":"","meta":[],"product_brand":[356],"product_cat":[315],"product_tag":[],"class_list":{"0":"post-18483","1":"product","2":"type-product","3":"status-publish","4":"has-post-thumbnail","6":"product_brand-juta","7":"product_cat-organizacao","9":"first","10":"instock","11":"shipping-taxable","12":"product-type-simple"},"_links":{"self":[{"href":"https:\/\/jaguarutilidades.com.br\/es\/wp-json\/wp\/v2\/product\/18483","targetHints":{"allow":["GET"]}}],"collection":[{"href":"https:\/\/jaguarutilidades.com.br\/es\/wp-json\/wp\/v2\/product"}],"about":[{"href":"https:\/\/jaguarutilidades.com.br\/es\/wp-json\/wp\/v2\/types\/product"}],"replies":[{"embeddable":true,"href":"https:\/\/jaguarutilidades.com.br\/es\/wp-json\/wp\/v2\/comments?post=18483"}],"wp:featuredmedia":[{"embeddable":true,"href":"https:\/\/jaguarutilidades.com.br\/es\/wp-json\/wp\/v2\/media\/17592"}],"wp:attachment":[{"href":"https:\/\/jaguarutilidades.com.br\/es\/wp-json\/wp\/v2\/media?parent=18483"}],"wp:term":[{"taxonomy":"product_brand","embeddable":true,"href":"https:\/\/jaguarutilidades.com.br\/es\/wp-json\/wp\/v2\/product_brand?post=18483"},{"taxonomy":"product_cat","embeddable":true,"href":"https:\/\/jaguarutilidades.com.br\/es\/wp-json\/wp\/v2\/product_cat?post=18483"},{"taxonomy":"product_tag","embeddable":true,"href":"https:\/\/jaguarutilidades.com.br\/es\/wp-json\/wp\/v2\/product_tag?post=18483"}],"curies":[{"name":"wp","href":"https:\/\/api.w.org\/{rel}","templated":true}]}}