{"id":18496,"date":"2025-10-11T19:29:47","date_gmt":"2025-10-11T19:29:47","guid":{"rendered":"https:\/\/jaguarutilidades.com.br\/produto\/porta-detergente-e-esponja-bra\/"},"modified":"2025-10-17T00:21:36","modified_gmt":"2025-10-17T00:21:36","slug":"porta-detergente-e-esponja-bra","status":"publish","type":"product","link":"https:\/\/jaguarutilidades.com.br\/es\/producto\/porta-detergente-e-esponja-bra\/","title":{"rendered":"SOPORTE PARA DETERGENTE Y ESPONJA - SUJETADOR"},"content":{"rendered":"<p>Porta detergente y esponja - sujetador de la l\u00ednea Kitchen es un producto esencial en los utensilios dom\u00e9sticos. Fabricado en pl\u00e1stico resistente de alta calidad, ofrece practicidad y durabilidad en el uso diario. Ideal para quien busca utensilios dom\u00e9sticos, pl\u00e1stico resistente, organizaci\u00f3n, practicidad, dise\u00f1o funcional y acabado moderno. Perfecto para uso residencial, comercial o profesional.<\/p>","protected":false},"excerpt":{"rendered":"<p>Soporte para detergente y esponja - sujetador - Producto de pl\u00e1stico resistente, ideal para quien busca practicidad y calidad. Perfecto para la organizaci\u00f3n y el uso diario.<\/p>","protected":false},"featured_media":17621,"comment_status":"open","ping_status":"closed","template":"","meta":[],"product_brand":[],"product_cat":[320],"product_tag":[],"class_list":{"0":"post-18496","1":"product","2":"type-product","3":"status-publish","4":"has-post-thumbnail","6":"product_cat-utilitarios-de-cozinha","8":"first","9":"instock","10":"shipping-taxable","11":"product-type-simple"},"_links":{"self":[{"href":"https:\/\/jaguarutilidades.com.br\/es\/wp-json\/wp\/v2\/product\/18496","targetHints":{"allow":["GET"]}}],"collection":[{"href":"https:\/\/jaguarutilidades.com.br\/es\/wp-json\/wp\/v2\/product"}],"about":[{"href":"https:\/\/jaguarutilidades.com.br\/es\/wp-json\/wp\/v2\/types\/product"}],"replies":[{"embeddable":true,"href":"https:\/\/jaguarutilidades.com.br\/es\/wp-json\/wp\/v2\/comments?post=18496"}],"wp:featuredmedia":[{"embeddable":true,"href":"https:\/\/jaguarutilidades.com.br\/es\/wp-json\/wp\/v2\/media\/17621"}],"wp:attachment":[{"href":"https:\/\/jaguarutilidades.com.br\/es\/wp-json\/wp\/v2\/media?parent=18496"}],"wp:term":[{"taxonomy":"product_brand","embeddable":true,"href":"https:\/\/jaguarutilidades.com.br\/es\/wp-json\/wp\/v2\/product_brand?post=18496"},{"taxonomy":"product_cat","embeddable":true,"href":"https:\/\/jaguarutilidades.com.br\/es\/wp-json\/wp\/v2\/product_cat?post=18496"},{"taxonomy":"product_tag","embeddable":true,"href":"https:\/\/jaguarutilidades.com.br\/es\/wp-json\/wp\/v2\/product_tag?post=18496"}],"curies":[{"name":"wp","href":"https:\/\/api.w.org\/{rel}","templated":true}]}}