{"id":18501,"date":"2025-10-11T19:29:49","date_gmt":"2025-10-11T19:29:49","guid":{"rendered":"https:\/\/jaguarutilidades.com.br\/produto\/porta-sabonete-liquido-cnz\/"},"modified":"2025-10-17T00:21:37","modified_gmt":"2025-10-17T00:21:37","slug":"porta-sabonete-liquido-cnz","status":"publish","type":"product","link":"https:\/\/jaguarutilidades.com.br\/es\/producto\/porta-sabonete-liquido-cnz\/","title":{"rendered":"JABONERA L\u00cdQUIDA - CNZ"},"content":{"rendered":"<p>Dispensador de jab\u00f3n l\u00edquido - cnz de la l\u00ednea Kitchen es un producto esencial en las utilidades dom\u00e9sticas. Fabricado en pl\u00e1stico resistente de alta calidad, ofrece practicidad y durabilidad en el uso diario. Ideal para quien busca utilidades dom\u00e9sticas, pl\u00e1stico resistente, organizaci\u00f3n, practicidad, dise\u00f1o funcional y acabado moderno. Perfecto para uso residencial, comercial o profesional.<\/p>","protected":false},"excerpt":{"rendered":"<p>Dosificador de jab\u00f3n l\u00edquido - cnz - de pl\u00e1stico resistente, ideal para quien busca practicidad y calidad. Perfecto para la organizaci\u00f3n y el uso diario.<\/p>","protected":false},"featured_media":17629,"comment_status":"open","ping_status":"closed","template":"","meta":[],"product_brand":[],"product_cat":[320],"product_tag":[],"class_list":{"0":"post-18501","1":"product","2":"type-product","3":"status-publish","4":"has-post-thumbnail","6":"product_cat-utilitarios-de-cozinha","8":"first","9":"instock","10":"shipping-taxable","11":"product-type-simple"},"_links":{"self":[{"href":"https:\/\/jaguarutilidades.com.br\/es\/wp-json\/wp\/v2\/product\/18501","targetHints":{"allow":["GET"]}}],"collection":[{"href":"https:\/\/jaguarutilidades.com.br\/es\/wp-json\/wp\/v2\/product"}],"about":[{"href":"https:\/\/jaguarutilidades.com.br\/es\/wp-json\/wp\/v2\/types\/product"}],"replies":[{"embeddable":true,"href":"https:\/\/jaguarutilidades.com.br\/es\/wp-json\/wp\/v2\/comments?post=18501"}],"wp:featuredmedia":[{"embeddable":true,"href":"https:\/\/jaguarutilidades.com.br\/es\/wp-json\/wp\/v2\/media\/17629"}],"wp:attachment":[{"href":"https:\/\/jaguarutilidades.com.br\/es\/wp-json\/wp\/v2\/media?parent=18501"}],"wp:term":[{"taxonomy":"product_brand","embeddable":true,"href":"https:\/\/jaguarutilidades.com.br\/es\/wp-json\/wp\/v2\/product_brand?post=18501"},{"taxonomy":"product_cat","embeddable":true,"href":"https:\/\/jaguarutilidades.com.br\/es\/wp-json\/wp\/v2\/product_cat?post=18501"},{"taxonomy":"product_tag","embeddable":true,"href":"https:\/\/jaguarutilidades.com.br\/es\/wp-json\/wp\/v2\/product_tag?post=18501"}],"curies":[{"name":"wp","href":"https:\/\/api.w.org\/{rel}","templated":true}]}}