{"id":18582,"date":"2025-10-11T19:30:12","date_gmt":"2025-10-11T19:30:12","guid":{"rendered":"https:\/\/jaguarutilidades.com.br\/produto\/caneca-360ml-ad\/"},"modified":"2026-01-12T17:17:51","modified_gmt":"2026-01-12T17:17:51","slug":"caneca-360ml-ad","status":"publish","type":"product","link":"https:\/\/jaguarutilidades.com.br\/es\/producto\/caneca-360ml-ad\/","title":{"rendered":"360ML AD MUG"},"content":{"rendered":"<p>La taza ad 360ml de la l\u00ednea Linha baby es un producto esencial para el hogar. Fabricada en pl\u00e1stico resistente de alta calidad, ofrece practicidad y durabilidad para el uso diario. Ideal para quien busca utilidades dom\u00e9sticas, pl\u00e1stico resistente, organizaci\u00f3n, practicidad, con dise\u00f1o funcional y acabado moderno. Perfecto para uso residencial, comercial o profesional.<\/p>","protected":false},"excerpt":{"rendered":"<p>Taza publicitaria de 360 ml. Fabricada en pl\u00e1stico resistente, ideal para quienes buscan practicidad y calidad. Perfecta para la organizaci\u00f3n y el uso diario.<\/p>","protected":false},"featured_media":17740,"comment_status":"open","ping_status":"closed","template":"","meta":[],"product_brand":[],"product_cat":[315,320],"product_tag":[],"class_list":{"0":"post-18582","1":"product","2":"type-product","3":"status-publish","4":"has-post-thumbnail","6":"product_cat-organizacao","7":"product_cat-utilitarios-de-cozinha","9":"first","10":"instock","11":"shipping-taxable","12":"product-type-simple"},"_links":{"self":[{"href":"https:\/\/jaguarutilidades.com.br\/es\/wp-json\/wp\/v2\/product\/18582","targetHints":{"allow":["GET"]}}],"collection":[{"href":"https:\/\/jaguarutilidades.com.br\/es\/wp-json\/wp\/v2\/product"}],"about":[{"href":"https:\/\/jaguarutilidades.com.br\/es\/wp-json\/wp\/v2\/types\/product"}],"replies":[{"embeddable":true,"href":"https:\/\/jaguarutilidades.com.br\/es\/wp-json\/wp\/v2\/comments?post=18582"}],"wp:featuredmedia":[{"embeddable":true,"href":"https:\/\/jaguarutilidades.com.br\/es\/wp-json\/wp\/v2\/media\/17740"}],"wp:attachment":[{"href":"https:\/\/jaguarutilidades.com.br\/es\/wp-json\/wp\/v2\/media?parent=18582"}],"wp:term":[{"taxonomy":"product_brand","embeddable":true,"href":"https:\/\/jaguarutilidades.com.br\/es\/wp-json\/wp\/v2\/product_brand?post=18582"},{"taxonomy":"product_cat","embeddable":true,"href":"https:\/\/jaguarutilidades.com.br\/es\/wp-json\/wp\/v2\/product_cat?post=18582"},{"taxonomy":"product_tag","embeddable":true,"href":"https:\/\/jaguarutilidades.com.br\/es\/wp-json\/wp\/v2\/product_tag?post=18582"}],"curies":[{"name":"wp","href":"https:\/\/api.w.org\/{rel}","templated":true}]}}