{"id":18599,"date":"2025-10-11T19:30:15","date_gmt":"2025-10-11T19:30:15","guid":{"rendered":"https:\/\/jaguarutilidades.com.br\/produto\/kit-org-red-alto-5-pcs-210-600-970-1-600-3-200ml\/"},"modified":"2025-10-17T00:21:54","modified_gmt":"2025-10-17T00:21:54","slug":"kit-org-red-alto-5-pcs-210-600-970-1-600-3-200ml","status":"publish","type":"product","link":"https:\/\/jaguarutilidades.com.br\/es\/producto\/kit-org-red-alto-5-pcs-210-600-970-1-600-3-200ml\/","title":{"rendered":"KIT ORG. ROJO. ALTO 5 PIEZAS (210\/600\/970\/1.600\/3.200ML)"},"content":{"rendered":"<p>El kit de 5 piezas (210\/600\/970\/1.600\/3.200 ml) de \u00f3rgano rojo alto de la gama de ollas Grocery es un producto esencial en el hogar. Fabricado en pl\u00e1stico resistente de alta calidad, ofrece practicidad y durabilidad en el uso diario. Ideal para quienes buscan utilidades dom\u00e9sticas, pl\u00e1stico resistente, organizaci\u00f3n, practicidad, con un dise\u00f1o funcional y un acabado moderno. Perfecto para uso residencial, comercial o profesional.<\/p>","protected":false},"excerpt":{"rendered":"<p>Kit organizador alto de 5 piezas (210\/600\/970\/1.600\/3.200ml) - producto de pl\u00e1stico resistente, ideal para quienes buscan practicidad y calidad. Perfecto para la organizaci\u00f3n y el uso diario.<\/p>","protected":false},"featured_media":17774,"comment_status":"open","ping_status":"closed","template":"","meta":[],"product_brand":[],"product_cat":[333],"product_tag":[],"class_list":{"0":"post-18599","1":"product","2":"type-product","3":"status-publish","4":"has-post-thumbnail","6":"product_cat-potes-mantimentos","8":"first","9":"instock","10":"shipping-taxable","11":"product-type-simple"},"_links":{"self":[{"href":"https:\/\/jaguarutilidades.com.br\/es\/wp-json\/wp\/v2\/product\/18599","targetHints":{"allow":["GET"]}}],"collection":[{"href":"https:\/\/jaguarutilidades.com.br\/es\/wp-json\/wp\/v2\/product"}],"about":[{"href":"https:\/\/jaguarutilidades.com.br\/es\/wp-json\/wp\/v2\/types\/product"}],"replies":[{"embeddable":true,"href":"https:\/\/jaguarutilidades.com.br\/es\/wp-json\/wp\/v2\/comments?post=18599"}],"wp:featuredmedia":[{"embeddable":true,"href":"https:\/\/jaguarutilidades.com.br\/es\/wp-json\/wp\/v2\/media\/17774"}],"wp:attachment":[{"href":"https:\/\/jaguarutilidades.com.br\/es\/wp-json\/wp\/v2\/media?parent=18599"}],"wp:term":[{"taxonomy":"product_brand","embeddable":true,"href":"https:\/\/jaguarutilidades.com.br\/es\/wp-json\/wp\/v2\/product_brand?post=18599"},{"taxonomy":"product_cat","embeddable":true,"href":"https:\/\/jaguarutilidades.com.br\/es\/wp-json\/wp\/v2\/product_cat?post=18599"},{"taxonomy":"product_tag","embeddable":true,"href":"https:\/\/jaguarutilidades.com.br\/es\/wp-json\/wp\/v2\/product_tag?post=18599"}],"curies":[{"name":"wp","href":"https:\/\/api.w.org\/{rel}","templated":true}]}}