{"id":19395,"date":"2026-01-12T17:13:11","date_gmt":"2026-01-12T17:13:11","guid":{"rendered":"https:\/\/jaguarutilidades.com.br\/?post_type=product&#038;p=19395"},"modified":"2026-01-12T17:14:54","modified_gmt":"2026-01-12T17:14:54","slug":"organizador-c-trava-23l-eco-nature","status":"publish","type":"product","link":"https:\/\/jaguarutilidades.com.br\/es\/producto\/organizador-c-trava-23l-eco-nature\/","title":{"rendered":"ORGANIZADOR C\/ TRAVA 23L ECO\u00a0 NATURE &#8211; PRE"},"content":{"rendered":"<p>Organizadores \u00e9 um produto essencial em utilidades dom\u00e9sticas. Produzida em pl\u00e1stico resistente de alta qualidade, oferece praticidade e durabilidade no uso di\u00e1rio. Ideal para quem busca utilidades dom\u00e9sticas, pl\u00e1stico resistente, organiza\u00e7\u00e3o, praticidade, com design funcional e acabamento moderno. Perfeita para uso residencial, comercial ou profissional.<\/p>","protected":false},"excerpt":{"rendered":"<p>Organizadores \u00e9 um produto essencial em utilidades dom\u00e9sticas. Produzida em pl\u00e1stico resistente de alta qualidade, oferece praticidade e durabilidade no uso di\u00e1rio. Ideal para quem busca utilidades dom\u00e9sticas, pl\u00e1stico resistente, organiza\u00e7\u00e3o, praticidade, com design funcional e acabamento moderno. Perfeita para uso residencial, comercial ou profissional.<\/p>","protected":false},"featured_media":19393,"comment_status":"open","ping_status":"closed","template":"","meta":[],"product_brand":[],"product_cat":[315],"product_tag":[],"class_list":{"0":"post-19395","1":"product","2":"type-product","3":"status-publish","4":"has-post-thumbnail","6":"product_cat-organizacao","8":"first","9":"instock","10":"shipping-taxable","11":"product-type-simple"},"_links":{"self":[{"href":"https:\/\/jaguarutilidades.com.br\/es\/wp-json\/wp\/v2\/product\/19395","targetHints":{"allow":["GET"]}}],"collection":[{"href":"https:\/\/jaguarutilidades.com.br\/es\/wp-json\/wp\/v2\/product"}],"about":[{"href":"https:\/\/jaguarutilidades.com.br\/es\/wp-json\/wp\/v2\/types\/product"}],"replies":[{"embeddable":true,"href":"https:\/\/jaguarutilidades.com.br\/es\/wp-json\/wp\/v2\/comments?post=19395"}],"wp:featuredmedia":[{"embeddable":true,"href":"https:\/\/jaguarutilidades.com.br\/es\/wp-json\/wp\/v2\/media\/19393"}],"wp:attachment":[{"href":"https:\/\/jaguarutilidades.com.br\/es\/wp-json\/wp\/v2\/media?parent=19395"}],"wp:term":[{"taxonomy":"product_brand","embeddable":true,"href":"https:\/\/jaguarutilidades.com.br\/es\/wp-json\/wp\/v2\/product_brand?post=19395"},{"taxonomy":"product_cat","embeddable":true,"href":"https:\/\/jaguarutilidades.com.br\/es\/wp-json\/wp\/v2\/product_cat?post=19395"},{"taxonomy":"product_tag","embeddable":true,"href":"https:\/\/jaguarutilidades.com.br\/es\/wp-json\/wp\/v2\/product_tag?post=19395"}],"curies":[{"name":"wp","href":"https:\/\/api.w.org\/{rel}","templated":true}]}}