{"id":19552,"date":"2026-02-02T11:24:26","date_gmt":"2026-02-02T11:24:26","guid":{"rendered":"https:\/\/jaguarutilidades.com.br\/?post_type=product&#038;p=19552"},"modified":"2026-02-02T11:24:26","modified_gmt":"2026-02-02T11:24:26","slug":"vaso-com-prato-acoplado-78-l","status":"publish","type":"product","link":"https:\/\/jaguarutilidades.com.br\/es\/producto\/vaso-com-prato-acoplado-78-l\/","title":{"rendered":"VASO COM PRATO ACOPLADO 7,8 L"},"content":{"rendered":"<p>O Vaso de Planta FLORA DECOR 7,8 L foi desenvolvido para acomodar plantas maiores com seguran\u00e7a e estilo. Fabricado em pl\u00e1stico resistente de alta qualidade, possui prato acoplado com sistema antidengue, proporcionando mais praticidade e prote\u00e7\u00e3o. Seu de sign contempor\u00e2neo, aliado \u00e0 textura grafiato, valoriza ambientes internos e externos, sendo ideal para quem busca funcionalidade, est\u00e9tica e resist\u00eancia.<\/p>","protected":false},"excerpt":{"rendered":"<p>O Vaso de Planta FLORA DECOR 7,8 L foi desenvolvido para acomodar plantas maiores com seguran\u00e7a e estilo. Fabricado em pl\u00e1stico resistente de alta qualidade, possui prato acoplado com sistema antidengue, proporcionando mais praticidade e prote\u00e7\u00e3o. Seu de sign contempor\u00e2neo, aliado \u00e0 textura grafiato, valoriza ambientes internos e externos, sendo ideal para quem busca funcionalidade, [&hellip;]<\/p>\n","protected":false},"featured_media":19553,"comment_status":"open","ping_status":"closed","template":"","meta":[],"product_brand":[362],"product_cat":[361],"product_tag":[],"class_list":{"0":"post-19552","1":"product","2":"type-product","3":"status-publish","4":"has-post-thumbnail","6":"product_brand-flora-decor","7":"product_cat-jardinagem","9":"first","10":"instock","11":"shipping-taxable","12":"product-type-simple"},"_links":{"self":[{"href":"https:\/\/jaguarutilidades.com.br\/es\/wp-json\/wp\/v2\/product\/19552","targetHints":{"allow":["GET"]}}],"collection":[{"href":"https:\/\/jaguarutilidades.com.br\/es\/wp-json\/wp\/v2\/product"}],"about":[{"href":"https:\/\/jaguarutilidades.com.br\/es\/wp-json\/wp\/v2\/types\/product"}],"replies":[{"embeddable":true,"href":"https:\/\/jaguarutilidades.com.br\/es\/wp-json\/wp\/v2\/comments?post=19552"}],"wp:featuredmedia":[{"embeddable":true,"href":"https:\/\/jaguarutilidades.com.br\/es\/wp-json\/wp\/v2\/media\/19553"}],"wp:attachment":[{"href":"https:\/\/jaguarutilidades.com.br\/es\/wp-json\/wp\/v2\/media?parent=19552"}],"wp:term":[{"taxonomy":"product_brand","embeddable":true,"href":"https:\/\/jaguarutilidades.com.br\/es\/wp-json\/wp\/v2\/product_brand?post=19552"},{"taxonomy":"product_cat","embeddable":true,"href":"https:\/\/jaguarutilidades.com.br\/es\/wp-json\/wp\/v2\/product_cat?post=19552"},{"taxonomy":"product_tag","embeddable":true,"href":"https:\/\/jaguarutilidades.com.br\/es\/wp-json\/wp\/v2\/product_tag?post=19552"}],"curies":[{"name":"wp","href":"https:\/\/api.w.org\/{rel}","templated":true}]}}